{"id":27112,"date":"2025-11-16T23:30:35","date_gmt":"2025-11-16T21:30:35","guid":{"rendered":"https:\/\/invest-finder.eu\/?page_id=27112"},"modified":"2025-11-16T23:55:13","modified_gmt":"2025-11-16T21:55:13","slug":"fazele-de-dezvoltare","status":"publish","type":"page","link":"https:\/\/invest-finder.eu\/?page_id=27112","title":{"rendered":"Fazele de dezvoltare"},"content":{"rendered":"\t\t<div data-elementor-type=\"wp-page\" data-elementor-id=\"27112\" class=\"elementor elementor-27112\">\n\t\t\t\t\n<div class=\"elementor-element elementor-element-61266450 e-flex e-con-boxed e-con e-parent\" data-id=\"61266450\" data-element_type=\"container\">\n\t\t\t\t\t<div class=\"e-con-inner\">\n\t\t\t\t<div class=\"elementor-element elementor-element-f2e7030 elementor-widget elementor-widget-heading\" data-id=\"f2e7030\" data-element_type=\"widget\" data-widget_type=\"heading.default\">\n\t\t\t\t\t<h1 class=\"elementor-heading-title elementor-size-default\">Fazele de dezvoltare<\/h1>\t\t\t\t<\/div>\n\t\t\t\t\t<\/div>\n\t\t\t\t<\/div>\n\t\t\t\t<section class=\"elementor-section elementor-top-section elementor-element elementor-element-eb5f363 elementor-section-boxed elementor-section-height-default elementor-section-height-default\" data-id=\"eb5f363\" data-element_type=\"section\" data-settings=\"{&quot;background_background&quot;:&quot;classic&quot;}\">\n\t\t\t\t\t\t<div class=\"elementor-container elementor-column-gap-wider\">\n\t\t\t\t\t<div class=\"elementor-column elementor-col-33 elementor-top-column elementor-element elementor-element-40f6416\" data-id=\"40f6416\" data-element_type=\"column\" data-settings=\"{&quot;background_background&quot;:&quot;classic&quot;}\">\n\t\t\t<div class=\"elementor-widget-wrap elementor-element-populated\">\n\t\t\t\t\t\t<div class=\"elementor-element elementor-element-9d37802 elementor-widget elementor-widget-image\" data-id=\"9d37802\" data-element_type=\"widget\" data-widget_type=\"image.default\">\n\t\t\t\t\t\t\t\t\t\t\t\t\t\t\t<img fetchpriority=\"high\" decoding=\"async\" width=\"363\" height=\"700\" src=\"https:\/\/invest-finder.eu\/wp-content\/uploads\/2025\/11\/investfinder-bplan-v1.jpg\" class=\"attachment-large size-large wp-image-27123\" alt=\"\" srcset=\"https:\/\/invest-finder.eu\/wp-content\/uploads\/2025\/11\/investfinder-bplan-v1.jpg 363w, https:\/\/invest-finder.eu\/wp-content\/uploads\/2025\/11\/investfinder-bplan-v1-156x300.jpg 156w\" sizes=\"(max-width: 363px) 100vw, 363px\" \/>\t\t\t\t\t\t\t\t\t\t\t\t\t\t\t<\/div>\n\t\t\t\t\t<\/div>\n\t\t<\/div>\n\t\t\t\t<div class=\"elementor-column elementor-col-33 elementor-top-column elementor-element elementor-element-cd020ac\" data-id=\"cd020ac\" data-element_type=\"column\" data-settings=\"{&quot;background_background&quot;:&quot;classic&quot;}\">\n\t\t\t<div class=\"elementor-widget-wrap elementor-element-populated\">\n\t\t\t\t\t\t<div class=\"elementor-element elementor-element-5567f79 elementor-widget elementor-widget-image\" data-id=\"5567f79\" data-element_type=\"widget\" data-widget_type=\"image.default\">\n\t\t\t\t\t\t\t\t\t\t\t\t\t\t\t<img decoding=\"async\" width=\"363\" height=\"700\" src=\"https:\/\/invest-finder.eu\/wp-content\/uploads\/2025\/11\/investfinder-bplan-v2.jpg\" class=\"attachment-large size-large wp-image-27124\" alt=\"\" srcset=\"https:\/\/invest-finder.eu\/wp-content\/uploads\/2025\/11\/investfinder-bplan-v2.jpg 363w, https:\/\/invest-finder.eu\/wp-content\/uploads\/2025\/11\/investfinder-bplan-v2-156x300.jpg 156w\" sizes=\"(max-width: 363px) 100vw, 363px\" \/>\t\t\t\t\t\t\t\t\t\t\t\t\t\t\t<\/div>\n\t\t\t\t\t<\/div>\n\t\t<\/div>\n\t\t\t\t<div class=\"elementor-column elementor-col-33 elementor-top-column elementor-element elementor-element-e0d5108\" data-id=\"e0d5108\" data-element_type=\"column\">\n\t\t\t<div class=\"elementor-widget-wrap elementor-element-populated\">\n\t\t\t\t\t\t<div class=\"elementor-element elementor-element-0091b36 elementor-widget elementor-widget-heading\" data-id=\"0091b36\" data-element_type=\"widget\" data-widget_type=\"heading.default\">\n\t\t\t\t\t<h2 class=\"elementor-heading-title elementor-size-default\"><b>Procesul de dezvoltare<\/b> hotelier\u0103 de la <b>idee la deschidere<\/b><\/h2>\t\t\t\t<\/div>\n\t\t\n\t\t<div class=\"elementor-element elementor-element-0ef005a elementor-widget elementor-widget-text-editor\" data-id=\"0ef005a\" data-element_type=\"widget\" data-widget_type=\"text-editor.default\">\n\t\t\t\t\t\t\t\t\t<p>\u00cenainte de a aborda \u00een profunzime acest subiect, este bine s\u0103 elimin\u0103m anumite confuzii din studiile care se \u00eentreprind \u00een vederea document\u0103rii judicioase a unei dezvolt\u0103ri hoteliere. Pe pia\u021b\u0103, se fac de multe ori confuzii care sunt \u00eens\u0103 acceptate \u00een limbajul curent. Important este \u00eens\u0103 s\u0103 definim ceea ce se face pentru a avea un limbaj comun cu mandantul\/clientul studiului.<\/p>\n<p>\u00centr-adev\u0103r, exist\u0103 o interdependen\u021b\u0103 \u0219i o ierarhie clar\u0103 \u00eentre aceste documente esen\u021biale \u00een procesul de dezvoltare a unei afaceri, \u00een special \u00een cazul unei investi\u021bii complexe precum o dezvoltare hotelier\u0103.<\/p>\n<p>S\u0103 le descompunem, s\u0103 vedem cum se combin\u0103 \u0219i cine \u0219i ce solicit\u0103.<\/p>\t\t\t\t\t\t\t\t<\/div>\n\t\t\t\t\t<\/div>\n\t\t<\/div>\n\t\t\t\t\t<\/div>\n\t\t<\/section>\n\t\t\t\t<section class=\"elementor-section elementor-top-section elementor-element elementor-element-26f2c66 elementor-section-boxed elementor-section-height-default elementor-section-height-default\" data-id=\"26f2c66\" data-element_type=\"section\" data-settings=\"{&quot;background_background&quot;:&quot;classic&quot;}\">\n\t\t\t\t\t\t<div class=\"elementor-container elementor-column-gap-default\">\n\t\t\t\t\t<div class=\"elementor-column elementor-col-100 elementor-top-column elementor-element elementor-element-0ee030f\" data-id=\"0ee030f\" data-element_type=\"column\">\n\t\t\t<div class=\"elementor-widget-wrap elementor-element-populated\">\n\t\t\t\t\t\t<div class=\"elementor-element elementor-element-9ca81d7 elementor-widget elementor-widget-image\" data-id=\"9ca81d7\" data-element_type=\"widget\" data-widget_type=\"image.default\">\n\t\t\t\t\t\t\t\t\t\t\t\t\t\t\t<img decoding=\"async\" width=\"900\" height=\"827\" src=\"https:\/\/invest-finder.eu\/wp-content\/uploads\/2025\/11\/tabel-compendiu-v2-1024x941.png\" class=\"attachment-large size-large wp-image-27115\" alt=\"\" srcset=\"https:\/\/invest-finder.eu\/wp-content\/uploads\/2025\/11\/tabel-compendiu-v2-1024x941.png 1024w, https:\/\/invest-finder.eu\/wp-content\/uploads\/2025\/11\/tabel-compendiu-v2-300x276.png 300w, https:\/\/invest-finder.eu\/wp-content\/uploads\/2025\/11\/tabel-compendiu-v2-768x706.png 768w, https:\/\/invest-finder.eu\/wp-content\/uploads\/2025\/11\/tabel-compendiu-v2.png 1283w\" sizes=\"(max-width: 900px) 100vw, 900px\" \/>\t\t\t\t\t\t\t\t\t\t\t\t\t\t\t<\/div>\n\t\t\t\t<div class=\"elementor-element elementor-element-57ef07d elementor-widget elementor-widget-text-editor\" data-id=\"57ef07d\" data-element_type=\"widget\" data-widget_type=\"text-editor.default\">\n\t\t\t\t\t\t\t\t\t<p style=\"text-align: center;\"><em>Tabelul: Diferen\u021bele fundamentale \u0219i interconectarea lor<\/em><\/p>\t\t\t\t\t\t\t\t<\/div>\n\t\t\t\t\t<\/div>\n\t\t<\/div>\n\t\t\t\t\t<\/div>\n\t\t<\/section>\n\t\t\t\t<section class=\"elementor-section elementor-top-section elementor-element elementor-element-804e119 elementor-section-boxed elementor-section-height-default elementor-section-height-default\" data-id=\"804e119\" data-element_type=\"section\" data-settings=\"{&quot;background_background&quot;:&quot;classic&quot;}\">\n\t\t\t\t\t\t<div class=\"elementor-container elementor-column-gap-default\">\n\t\t\t\t\t<div class=\"elementor-column elementor-col-100 elementor-top-column elementor-element elementor-element-04866aa\" data-id=\"04866aa\" data-element_type=\"column\">\n\t\t\t<div class=\"elementor-widget-wrap elementor-element-populated\">\n\t\t\t\t\t\t<div class=\"elementor-element elementor-element-0048df1 elementor-widget elementor-widget-heading\" data-id=\"0048df1\" data-element_type=\"widget\" data-widget_type=\"heading.default\">\n\t\t\t\t\t<h2 class=\"elementor-heading-title elementor-size-default\">Explica\u021bii \u0219i interdependen\u021be<\/h2>\t\t\t\t<\/div>\n\t\t\t\t<div class=\"elementor-element elementor-element-428b187 elementor-widget elementor-widget-text-editor\" data-id=\"428b187\" data-element_type=\"widget\" data-widget_type=\"text-editor.default\">\n\t\t\t\t\t\t\t\t\t<p><strong>1. Studiul de pia\u021b\u0103 (<em>market study<\/em>)<\/strong>. Acesta este, de regul\u0103, punctul de plecare. F\u0103r\u0103 o \u00een\u021belegere clar\u0103 a pie\u021bei, orice alt\u0103 analiz\u0103 este speculativ\u0103. Un studiu de pia\u021b\u0103 aprofundat va identifica segmentele de clien\u021bi, concuren\u021ba, pre\u021burile practicate, tendin\u021bele industriei, oportunit\u0103\u021bile \u0219i amenin\u021b\u0103rile. Acest studiu este inclus, ca sec\u021biune detaliat\u0103, \u00een cadrul studiului de fezabilitate \u0219i, ulterior, sub o form\u0103 concis\u0103 \u0219i strategic\u0103, \u00een planul de afaceri.<\/p>\n<p><strong>2. Studiul de fezabilitate (<em>feasibility study<\/em>)<\/strong>. Reprezint\u0103 o analiz\u0103 aprofundat\u0103 a ideii de proiect pentru a determina dac\u0103 este viabil\u0103 \u0219i merit\u0103 investi\u021bia de timp, bani \u0219i resurse. Este, prin natura sa, un document pre-investi\u021bional. Un studiu de fezabilitate cuprinde, de obicei, mai multe componente:<\/p>\n<p style=\"padding-left: 40px;\"><strong>Fezabilitate tehnic\u0103<\/strong>. Poate fi implementat proiectul din punct de vedere tehnic? Exist\u0103 tehnologia necesar\u0103, resursele umane, loca\u021bia potrivit\u0103?<\/p>\n<p style=\"padding-left: 40px;\"><strong>Fezabilitate opera\u021bional\u0103.<\/strong> Poate fi gestionat proiectul \u00een mod eficient? Exist\u0103 procese, structuri \u0219i personal adecvat?<\/p>\n<p style=\"padding-left: 40px;\"><strong>Fezabilitate de pia\u021b\u0103<\/strong> (\u00eentrep\u0103truns\u0103 cu studiul de pia\u021b\u0103). Este suficient\u0103 cerere pentru produs\/serviciu? (Aceasta este sec\u021biunea unde se integreaz\u0103 studiul de pia\u021b\u0103.)<\/p>\n<p style=\"padding-left: 40px;\"><strong>Fezabilitate economic\u0103<\/strong>. Evalueaz\u0103 beneficiile \u0219i costurile proiectului la un nivel mai larg, incluz\u00e2nd adesea externaliz\u0103ri pozitive sau negative (de exemplu, crearea de locuri de munc\u0103, impactul asupra comunit\u0103\u021bii locale, contribu\u021bia la PIB-ul regional\/na\u021bional). Este relevant mai ales pentru proiectele cu impact public sau finan\u021bate din fonduri nerambursabile, unde se justific\u0103 investi\u021bia prin beneficii sociale sau economice extinse. Acesta este un capitol distinct \u00een cadrul Studiului de fezabilitate general\u0103.<\/p>\n<p style=\"padding-left: 40px;\"><strong>Studiul de fezabilitate financiar\u0103.<\/strong> Aceasta este componenta crucial\u0103 pentru investitori \u0219i b\u0103nci. Se concentreaz\u0103 pe analiza pur financiar\u0103 a proiectului: proiec\u021bii de venituri \u0219i cheltuieli, analiza fluxurilor de numerar (cashflow), analiza pragului de rentabilitate (<em>break-even poin<\/em>t), calculul indicatorilor de rentabilitate (NPV, IRR, perioada de recuperare a investi\u021biei), analiza sensibilit\u0103\u021bii \u0219i a riscurilor financiare. Acesta este, de asemenea, un capitol-cheie \u00een cadrul studiului de fezabilitate general.<\/p>\n<p>3. <strong>Planul de afaceri (<em>business plan<\/em>)<\/strong>. Este un document cuprinz\u0103tor care descrie detaliat o afacere \u0219i modul \u00een care aceasta va fi condus\u0103. Acesta preia concluziile pozitive ale studiului de fezabilitate \u0219i le dezvolt\u0103 \u00eentr-un plan de ac\u021biune. Un plan de<br \/>afaceri include:<\/p>\n<p style=\"padding-left: 40px;\">\u2022 rezumat executiv;<br \/>\u2022\u00a0descrierea companiei\/proiectului;<br \/>\u2022\u00a0analiza pie\u021bei (pe baza studiului de pia\u021b\u0103);<br \/>\u2022\u00a0planul de marketing \u0219i v\u00e2nz\u0103ri;<br \/>\u2022\u00a0planul opera\u021bional;<br \/>\u2022\u00a0planul de management \u0219i structura organiza\u021bional\u0103;<br \/>\u2022\u00a0planul financiar. Aceasta este sec\u021biunea unde se reg\u0103sesc proiec\u021biile financiare \u0219i analizele din studiul de fezabilitate financiar, adaptate \u0219i consolidate pentru a prezenta un tablou complet al viitorului financiar al afacerii; <br \/>\u2022\u00a0anexe.<\/p>\t\t\t\t\t\t\t\t<\/div>\n\t\t\t\t\t<\/div>\n\t\t<\/div>\n\t\t\t\t\t<\/div>\n\t\t<\/section>\n\t\t\t\t<section class=\"elementor-section elementor-top-section elementor-element elementor-element-0ffd79a elementor-section-boxed elementor-section-height-default elementor-section-height-default\" data-id=\"0ffd79a\" data-element_type=\"section\" data-settings=\"{&quot;background_background&quot;:&quot;classic&quot;}\">\n\t\t\t\t\t\t<div class=\"elementor-container elementor-column-gap-default\">\n\t\t\t\t\t<div class=\"elementor-column elementor-col-100 elementor-top-column elementor-element elementor-element-fdadd98\" data-id=\"fdadd98\" data-element_type=\"column\">\n\t\t\t<div class=\"elementor-widget-wrap elementor-element-populated\">\n\t\t\t\t\t\t<div class=\"elementor-element elementor-element-1da8a60 elementor-widget elementor-widget-heading\" data-id=\"1da8a60\" data-element_type=\"widget\" data-widget_type=\"heading.default\">\n\t\t\t\t\t<h2 class=\"elementor-heading-title elementor-size-default\">Ierarhie \u0219i includere<\/h2>\t\t\t\t<\/div>\n\t\t\t\t<div class=\"elementor-element elementor-element-1ad113b elementor-widget elementor-widget-text-editor\" data-id=\"1ad113b\" data-element_type=\"widget\" data-widget_type=\"text-editor.default\">\n\t\t\t\t\t\t\t\t\t<p>\u2022 Studiul de pia\u021b\u0103 este o component\u0103 esen\u021bial\u0103 \u0219i adesea premerg\u0103toare studiului de fezabilitate (fie el economic sau financiar).<br \/>\u2022 Studiile de fezabilitate (economic\u0103 \u0219i financiar\u0103) sunt capitole sau sec\u021biuni detaliate \u00een cadrul unui studiu de fezabilitate general (sau cuprinz\u0103tor).<br \/>\u2022 Studiul de fezabilitate (\u00een ansamblul s\u0103u, cu concluziile \u0219i analizele sale) constituie baza \u0219i justificarea pentru elaborarea planului de afaceri. Nu se \u00eentocme\u0219te un plan de afaceri serios dac\u0103 studiul de fezabilitate a indicat c\u0103 proiectul nu este viabil.<br \/>\u2022 Planul de afaceri \u00eenglobeaz\u0103, \u00eentr-o form\u0103 sintetic\u0103 \u0219i orientat\u0103 spre ac\u021biune, concluziile tuturor analizelor anterioare (de pia\u021b\u0103, tehnic\u0103, opera\u021bional\u0103, financiar\u0103).<\/p>\t\t\t\t\t\t\t\t<\/div>\n\t\t\t\t\t<\/div>\n\t\t<\/div>\n\t\t\t\t\t<\/div>\n\t\t<\/section>\n\t\t\t\t<\/div>\n\t\t","protected":false},"excerpt":{"rendered":"<p>Fazele de dezvoltare Procesul de dezvoltare hotelier\u0103 de la idee la deschidere \u00cenainte de a aborda \u00een profunzime acest subiect, este bine s\u0103 elimin\u0103m anumite confuzii din studiile care se \u00eentreprind \u00een vederea document\u0103rii judicioase a unei dezvolt\u0103ri hoteliere. Pe pia\u021b\u0103, se fac de multe ori confuzii care sunt \u00eens\u0103 acceptate \u00een limbajul curent. Important [&hellip;]<\/p>\n","protected":false},"author":3,"featured_media":0,"parent":0,"menu_order":0,"comment_status":"closed","ping_status":"closed","template":"","meta":{"footnotes":""},"class_list":["post-27112","page","type-page","status-publish","hentry"],"cubewp_post_meta":[],"taxonomies":[],"_links":{"self":[{"href":"https:\/\/invest-finder.eu\/index.php?rest_route=\/wp\/v2\/pages\/27112","targetHints":{"allow":["GET"]}}],"collection":[{"href":"https:\/\/invest-finder.eu\/index.php?rest_route=\/wp\/v2\/pages"}],"about":[{"href":"https:\/\/invest-finder.eu\/index.php?rest_route=\/wp\/v2\/types\/page"}],"author":[{"embeddable":true,"href":"https:\/\/invest-finder.eu\/index.php?rest_route=\/wp\/v2\/users\/3"}],"replies":[{"embeddable":true,"href":"https:\/\/invest-finder.eu\/index.php?rest_route=%2Fwp%2Fv2%2Fcomments&post=27112"}],"version-history":[{"count":10,"href":"https:\/\/invest-finder.eu\/index.php?rest_route=\/wp\/v2\/pages\/27112\/revisions"}],"predecessor-version":[{"id":27127,"href":"https:\/\/invest-finder.eu\/index.php?rest_route=\/wp\/v2\/pages\/27112\/revisions\/27127"}],"wp:attachment":[{"href":"https:\/\/invest-finder.eu\/index.php?rest_route=%2Fwp%2Fv2%2Fmedia&parent=27112"}],"curies":[{"name":"wp","href":"https:\/\/api.w.org\/{rel}","templated":true}]}}