{"id":26752,"date":"2025-10-17T09:13:33","date_gmt":"2025-10-17T07:13:33","guid":{"rendered":"http:\/\/invest-finder.eu\/?page_id=26752"},"modified":"2025-10-21T10:33:33","modified_gmt":"2025-10-21T08:33:33","slug":"despre-invest-finder","status":"publish","type":"page","link":"https:\/\/invest-finder.eu\/?page_id=26752","title":{"rendered":"Despre INVEST finder"},"content":{"rendered":"\t\t<div data-elementor-type=\"wp-page\" data-elementor-id=\"26752\" class=\"elementor elementor-26752\">\n\t\t\t\t\n<div class=\"elementor-element elementor-element-61266450 e-flex e-con-boxed e-con e-parent\" data-id=\"61266450\" data-element_type=\"container\">\n\t\t\t\t\t<div class=\"e-con-inner\">\n\t\t\t\t<div class=\"elementor-element elementor-element-f2e7030 elementor-widget elementor-widget-heading\" data-id=\"f2e7030\" data-element_type=\"widget\" data-widget_type=\"heading.default\">\n\t\t\t\t\t<h1 class=\"elementor-heading-title elementor-size-default\">Despre INVEST finder<\/h1>\t\t\t\t<\/div>\n\t\t\t\t\t<\/div>\n\t\t\t\t<\/div>\n\t\t\t\t<section class=\"elementor-section elementor-top-section elementor-element elementor-element-eb5f363 elementor-section-boxed elementor-section-height-default elementor-section-height-default\" data-id=\"eb5f363\" data-element_type=\"section\" data-settings=\"{&quot;background_background&quot;:&quot;classic&quot;}\">\n\t\t\t\t\t\t<div class=\"elementor-container elementor-column-gap-wider\">\n\t\t\t\t\t<div class=\"elementor-column elementor-col-33 elementor-top-column elementor-element elementor-element-40f6416\" data-id=\"40f6416\" data-element_type=\"column\" data-settings=\"{&quot;background_background&quot;:&quot;classic&quot;}\">\n\t\t\t<div class=\"elementor-widget-wrap elementor-element-populated\">\n\t\t\t\t\t\t<div class=\"elementor-element elementor-element-9d37802 elementor-widget elementor-widget-image\" data-id=\"9d37802\" data-element_type=\"widget\" data-widget_type=\"image.default\">\n\t\t\t\t\t\t\t\t\t\t\t\t\t\t\t<img fetchpriority=\"high\" decoding=\"async\" width=\"363\" height=\"700\" src=\"https:\/\/invest-finder.eu\/wp-content\/uploads\/2025\/10\/investfinder-aboutus-v1.jpg\" class=\"attachment-large size-large wp-image-27022\" alt=\"\" srcset=\"https:\/\/invest-finder.eu\/wp-content\/uploads\/2025\/10\/investfinder-aboutus-v1.jpg 363w, https:\/\/invest-finder.eu\/wp-content\/uploads\/2025\/10\/investfinder-aboutus-v1-156x300.jpg 156w\" sizes=\"(max-width: 363px) 100vw, 363px\" \/>\t\t\t\t\t\t\t\t\t\t\t\t\t\t\t<\/div>\n\t\t\t\t\t<\/div>\n\t\t<\/div>\n\t\t\t\t<div class=\"elementor-column elementor-col-33 elementor-top-column elementor-element elementor-element-cd020ac\" data-id=\"cd020ac\" data-element_type=\"column\" data-settings=\"{&quot;background_background&quot;:&quot;classic&quot;}\">\n\t\t\t<div class=\"elementor-widget-wrap elementor-element-populated\">\n\t\t\t\t\t\t<div class=\"elementor-element elementor-element-5567f79 elementor-widget elementor-widget-image\" data-id=\"5567f79\" data-element_type=\"widget\" data-widget_type=\"image.default\">\n\t\t\t\t\t\t\t\t\t\t\t\t\t\t\t<img decoding=\"async\" width=\"363\" height=\"700\" src=\"https:\/\/invest-finder.eu\/wp-content\/uploads\/2025\/10\/investfinder-aboutus-v2.jpg\" class=\"attachment-large size-large wp-image-27023\" alt=\"\" srcset=\"https:\/\/invest-finder.eu\/wp-content\/uploads\/2025\/10\/investfinder-aboutus-v2.jpg 363w, https:\/\/invest-finder.eu\/wp-content\/uploads\/2025\/10\/investfinder-aboutus-v2-156x300.jpg 156w\" sizes=\"(max-width: 363px) 100vw, 363px\" \/>\t\t\t\t\t\t\t\t\t\t\t\t\t\t\t<\/div>\n\t\t\t\t\t<\/div>\n\t\t<\/div>\n\t\t\t\t<div class=\"elementor-column elementor-col-33 elementor-top-column elementor-element elementor-element-e0d5108\" data-id=\"e0d5108\" data-element_type=\"column\">\n\t\t\t<div class=\"elementor-widget-wrap elementor-element-populated\">\n\t\t\t\t\t\t<div class=\"elementor-element elementor-element-0091b36 elementor-widget elementor-widget-heading\" data-id=\"0091b36\" data-element_type=\"widget\" data-widget_type=\"heading.default\">\n\t\t\t\t\t<h2 class=\"elementor-heading-title elementor-size-default\">De la <b>viziune<\/b> la <b>realitate<\/b> <br>\n- cu <b>partenerii<\/b> potrivi\u021bi al\u0103turi<\/h2>\t\t\t\t<\/div>\n\t\t\n\t\t<div class=\"elementor-element elementor-element-0ef005a elementor-widget elementor-widget-text-editor\" data-id=\"0ef005a\" data-element_type=\"widget\" data-widget_type=\"text-editor.default\">\n\t\t\t\t\t\t\t\t\t<p><strong>INVEST finder<\/strong> este o platform\u0103 de informa\u021bii \u0219i de conectare \u00een vederea realiz\u0103rii unui proiect de investi\u021bii \u00een industria ospitalit\u0103\u021bii. Platforma prezint\u0103 elementele esen\u021biale ale proiectului hotelier \u0219i actorii principali care concur\u0103 la realizarea acestuia. Pe aceast\u0103 platform\u0103 ve\u021bi g\u0103si, non-exhaustiv, elementele fundamentale care v\u0103 vor ajuta s\u0103 dezvolta\u021bi proiectul, iar pentru actorii care concur\u0103 la realizarea lui, platforma v\u0103 va pune \u00een contact cu ceilal\u021bi actori, c\u00e2t \u0219i cu antreprenorii care v\u0103 pot solicita.<\/p>\t\t\t\t\t\t\t\t<\/div>\n\t\t\t\t\t<\/div>\n\t\t<\/div>\n\t\t\t\t\t<\/div>\n\t\t<\/section>\n\t\t\t\t<section class=\"elementor-section elementor-top-section elementor-element elementor-element-804e119 elementor-section-boxed elementor-section-height-default elementor-section-height-default\" data-id=\"804e119\" data-element_type=\"section\" data-settings=\"{&quot;background_background&quot;:&quot;classic&quot;}\">\n\t\t\t\t\t\t<div class=\"elementor-container elementor-column-gap-default\">\n\t\t\t\t\t<div class=\"elementor-column elementor-col-100 elementor-top-column elementor-element elementor-element-04866aa\" data-id=\"04866aa\" data-element_type=\"column\">\n\t\t\t<div class=\"elementor-widget-wrap elementor-element-populated\">\n\t\t\t\t\t\t<div class=\"elementor-element elementor-element-cd1f53c elementor-widget elementor-widget-heading\" data-id=\"cd1f53c\" data-element_type=\"widget\" data-widget_type=\"heading.default\">\n\t\t\t\t\t<h2 class=\"elementor-heading-title elementor-size-default\"><b>Etapele<\/b> dezvolt\u0103rii unui <b>proiect hotelier<\/b><\/h2>\t\t\t\t<\/div>\n\t\t\t\t<div class=\"elementor-element elementor-element-b10aa49 elementor-widget elementor-widget-html\" data-id=\"b10aa49\" data-element_type=\"widget\" data-widget_type=\"html.default\">\n\t\t\t\t\t<div class=\"lp-flow-container\">\n  <div class=\"lp-flow\">\n    <div class=\"lp-step\">Definirea produsului \u0219i a conceptului.<br>Studiu de pia\u021b\u0103<\/div>\n    <div class=\"lp-arrow\">\u276f<\/div>\n    <div class=\"lp-step\">Elaborarea bugetului previzional<\/div>\n    <div class=\"lp-arrow\">\u276f<\/div>\n    <div class=\"lp-step\">Analiza fezabilit\u0103\u021bii financiare<\/div>\n    <div class=\"lp-arrow\">\u276f<\/div>\n    <div class=\"lp-step\">Elaborarea temei de arhitect<\/div>\n    <div class=\"lp-arrow\">\u276f<\/div>\n    <div class=\"lp-step\">Procesele de operare<\/div>\n  <\/div>\n<\/div>\n\n<style>\n.lp-flow-container {\n  max-width: 1140px; \/* se \u00eencadreaz\u0103 \u00een boxed *\/\n  margin: 0 auto;\n  padding: 20px;\n}\n\n.lp-flow {\n  display: flex;\n  align-items: center;\n  justify-content: space-between; \/* distribuie uniform \u00een container *\/\n  flex-wrap: nowrap;\n  gap: 15px;\n  font-family: 'Open Sans', sans-serif;\n}\n\n.lp-step {\n  background-color: #c20d0d;\n  color: #ffffff;\n  font-weight: 400;\n  border-radius: 50%;\n  width: 140px;\n  height: 140px;\n  display: flex;\n  align-items: center;\n  justify-content: center;\n  text-align: center;\n  padding: 10px;\n  font-size: 0.8em;\n  line-height: 1.1;\n  border: 10px solid #eeeeee; \/* border gri deschis *\/\n  flex-shrink: 1;\n  transition: all 0.5s ease;\n}\n\n.lp-step:hover {\n  background-color: #B8002B;\n  transform: translateY(-10px);\n}\n\n.lp-arrow {\n  color: #333333;\n  font-size: 36px;\n  font-weight: bold;\n  flex-shrink: 0;\n}\n\n@media (max-width: 900px) {\n  .lp-flow {\n    flex-wrap: wrap;\n    justify-content: center;\n    gap: 20px;\n  }\n  .lp-step {\n    width: 120px;\n    height: 120px;\n    font-size: 13px;\n  }\n  .lp-arrow {\n    display: none; \/* ascunde s\u0103ge\u021bile pe ecrane mici *\/\n  }\n}\n<\/style>\n\t\t\t\t<\/div>\n\t\t\t\t\t<\/div>\n\t\t<\/div>\n\t\t\t\t\t<\/div>\n\t\t<\/section>\n\t\t\t\t<section class=\"elementor-section elementor-top-section elementor-element elementor-element-4791feb elementor-section-boxed elementor-section-height-default elementor-section-height-default\" data-id=\"4791feb\" data-element_type=\"section\" data-settings=\"{&quot;background_background&quot;:&quot;classic&quot;}\">\n\t\t\t\t\t\t<div class=\"elementor-container elementor-column-gap-wider\">\n\t\t\t\t\t<div class=\"elementor-column elementor-col-33 elementor-top-column elementor-element elementor-element-0ab9aa6\" data-id=\"0ab9aa6\" data-element_type=\"column\">\n\t\t\t<div class=\"elementor-widget-wrap elementor-element-populated\">\n\t\t\t\t\t\t<div class=\"elementor-element elementor-element-fc780fa elementor-widget elementor-widget-counter\" data-id=\"fc780fa\" data-element_type=\"widget\" data-widget_type=\"counter.default\">\n\t\t\t\t\t\t\t<div class=\"elementor-counter\">\n\t\t\t<div class=\"elementor-counter-title\">ANUL LANS\u0102RII<\/div>\t\t\t<div class=\"elementor-counter-number-wrapper\">\n\t\t\t\t<span class=\"elementor-counter-number-prefix\"><\/span>\n\t\t\t\t<span class=\"elementor-counter-number\" data-duration=\"2000\" data-to-value=\"2025\" data-from-value=\"0\" data-delimiter=\",\">0<\/span>\n\t\t\t\t<span class=\"elementor-counter-number-suffix\"><\/span>\n\t\t\t<\/div>\n\t\t<\/div>\n\t\t\t\t\t\t<\/div>\n\t\t\t\t<div class=\"elementor-element elementor-element-9a99dee elementor-widget elementor-widget-text-editor\" data-id=\"9a99dee\" data-element_type=\"widget\" data-widget_type=\"text-editor.default\">\n\t\t\t\t\t\t\t\t\t<p>Un nou \u00eenceput pentru investi\u021biile din ospitalitate<\/p>\t\t\t\t\t\t\t\t<\/div>\n\t\t\t\t\t<\/div>\n\t\t<\/div>\n\t\t\t\t<div class=\"elementor-column elementor-col-33 elementor-top-column elementor-element elementor-element-3816fed\" data-id=\"3816fed\" data-element_type=\"column\">\n\t\t\t<div class=\"elementor-widget-wrap elementor-element-populated\">\n\t\t\t\t\t\t<div class=\"elementor-element elementor-element-8b860a6 elementor-widget elementor-widget-counter\" data-id=\"8b860a6\" data-element_type=\"widget\" data-widget_type=\"counter.default\">\n\t\t\t\t\t\t\t<div class=\"elementor-counter\">\n\t\t\t<div class=\"elementor-counter-title\">SECTOARE CONECTATE<\/div>\t\t\t<div class=\"elementor-counter-number-wrapper\">\n\t\t\t\t<span class=\"elementor-counter-number-prefix\">&gt; <\/span>\n\t\t\t\t<span class=\"elementor-counter-number\" data-duration=\"2000\" data-to-value=\"8\" data-from-value=\"0\" data-delimiter=\",\">0<\/span>\n\t\t\t\t<span class=\"elementor-counter-number-suffix\"><\/span>\n\t\t\t<\/div>\n\t\t<\/div>\n\t\t\t\t\t\t<\/div>\n\t\t\t\t<div class=\"elementor-element elementor-element-39b9138 elementor-widget elementor-widget-text-editor\" data-id=\"39b9138\" data-element_type=\"widget\" data-widget_type=\"text-editor.default\">\n\t\t\t\t\t\t\t\t\t<p>Investitori, consultan\u021bi, arhitec\u021bi \u0219i furnizori \u2013 uni\u021bi \u00eentr-un ecosistem dedicat industriei hoteliere<\/p>\t\t\t\t\t\t\t\t<\/div>\n\t\t\t\t\t<\/div>\n\t\t<\/div>\n\t\t\t\t<div class=\"elementor-column elementor-col-33 elementor-top-column elementor-element elementor-element-20655bf\" data-id=\"20655bf\" data-element_type=\"column\">\n\t\t\t<div class=\"elementor-widget-wrap elementor-element-populated\">\n\t\t\t\t\t\t<div class=\"elementor-element elementor-element-3a309fd elementor-widget elementor-widget-counter\" data-id=\"3a309fd\" data-element_type=\"widget\" data-widget_type=\"counter.default\">\n\t\t\t\t\t\t\t<div class=\"elementor-counter\">\n\t\t\t<div class=\"elementor-counter-title\">DEDICA\u021aI CRE\u0218TERII<\/div>\t\t\t<div class=\"elementor-counter-number-wrapper\">\n\t\t\t\t<span class=\"elementor-counter-number-prefix\"><\/span>\n\t\t\t\t<span class=\"elementor-counter-number\" data-duration=\"2000\" data-to-value=\"100\" data-from-value=\"0\" data-delimiter=\",\">0<\/span>\n\t\t\t\t<span class=\"elementor-counter-number-suffix\">%<\/span>\n\t\t\t<\/div>\n\t\t<\/div>\n\t\t\t\t\t\t<\/div>\n\t\t\t\t<div class=\"elementor-element elementor-element-894df6b elementor-widget elementor-widget-text-editor\" data-id=\"894df6b\" data-element_type=\"widget\" data-widget_type=\"text-editor.default\">\n\t\t\t\t\t\t\t\t\t<p>Pentru fiecare proiect, oferim parteneriate \u0219i solu\u021bii durabile<\/p>\t\t\t\t\t\t\t\t<\/div>\n\t\t\t\t\t<\/div>\n\t\t<\/div>\n\t\t\t\t\t<\/div>\n\t\t<\/section>\n\t\t\t\t<section class=\"elementor-section elementor-top-section elementor-element elementor-element-7885f73 elementor-section-boxed elementor-section-height-default elementor-section-height-default\" data-id=\"7885f73\" data-element_type=\"section\" data-settings=\"{&quot;background_background&quot;:&quot;classic&quot;}\">\n\t\t\t\t\t\t<div class=\"elementor-container elementor-column-gap-default\">\n\t\t\t\t\t<div class=\"elementor-column elementor-col-100 elementor-top-column elementor-element elementor-element-1bf7063\" data-id=\"1bf7063\" data-element_type=\"column\">\n\t\t\t<div class=\"elementor-widget-wrap elementor-element-populated\">\n\t\t\t\t\t\t<div class=\"elementor-element elementor-element-435f194 elementor-widget elementor-widget-heading\" data-id=\"435f194\" data-element_type=\"widget\" data-widget_type=\"heading.default\">\n\t\t\t\t\t<h2 class=\"elementor-heading-title elementor-size-default\">Ultimele nou\u0103\u021bi<\/h2>\t\t\t\t<\/div>\n\t\t\t\t<div class=\"elementor-element elementor-element-09ff522 elementor-widget elementor-widget-heading\" data-id=\"09ff522\" data-element_type=\"widget\" data-widget_type=\"heading.default\">\n\t\t\t\t\t<p class=\"elementor-heading-title elementor-size-default\">Afl\u0103 ultimele nout\u0103\u021bi \u0219i articole din industrie<\/p>\t\t\t\t<\/div>\n\t\t\t\t<div class=\"elementor-element elementor-element-f2467e1 elementor-widget elementor-widget-blog-grids\" data-id=\"f2467e1\" data-element_type=\"widget\" data-widget_type=\"blog-grids.default\">\n\t\t\t\t<div class=\"elementor-widget-container\">\n\t\t\t\t\t<div class=\"lp-section-content-container lp-blog-grid-container row\"><div class=\"col-md-4 col-sm-4 lp-blog-grid-box\">\n                                    <div class=\"lp-blog-grid-box-container lp-border lp-border-radius-8\">\n                                        <div class=\"lp-blog-grid-box-thumb\">\n                                            <a href=\"https:\/\/invest-finder.eu\/?p=1\">\n                                                <img decoding=\"async\" src=\"https:\/\/invest-finder.eu\/wp-content\/uploads\/2023\/08\/photo-1604936168367-d79d0041e615@2x-372x240.png\" alt=\"blog-grid-1-410x308\" \/>\n                                            <\/a>\n                                        <\/div>\n                                        <div class=\"lp-blog-grid-box-description text-center\">\n                                                <div class=\"lp-blog-user-thumb margin-top-subtract-25\">\n                                                    <img decoding=\"async\" class=\"avatar\" src=\"https:\/\/secure.gravatar.com\/avatar\/333fec58c633cb69e7a00a81a3a0ae23e9a02f3de15224ece3edac122898c01e?s=51&#038;d=mm&#038;r=g\" alt=\"image\">\n                                                <\/div>\n                                                <div class=\"lp-blog-grid-category\">\n                                                    <a href=\"https:\/\/invest-finder.eu\/?cat=1\" >Uncategorized<\/a>\n                                                <\/div>\n                                                <div class=\"lp-blog-grid-title\">\n                                                    <h4 class=\"lp-h4\">\n                                                        <a href=\"https:\/\/invest-finder.eu\/?p=1\">Hello world!<\/a>\n                                                    <\/h4>\n                                                <\/div>\n                                                <ul class=\"lp-blog-grid-author\">\n                                                    <li>\n                                                        <a href=\"https:\/\/invest-finder.eu\/?author=1\">\n                                                            <i class=\"fa fa-user\"><\/i>\n                                                            <span>admin6791<\/span>\n                                                        <\/a>\n                                                    <\/li>\n                                                    <li>\n                                                        <i class=\"fa fa-calendar\"><\/i>\n                                                        <span>August 30, 2025<\/span>\n                                                    <\/li>\n                                                <\/ul><!-- ..\/lp-blog-grid-author -->\n                                        <\/div>\n                                    <\/div>\n                                <\/div><div class=\"col-md-4 col-sm-4 lp-blog-grid-box\">\n                                    <div class=\"lp-blog-grid-box-container lp-border lp-border-radius-8\">\n                                        <div class=\"lp-blog-grid-box-thumb\">\n                                            <a href=\"https:\/\/invest-finder.eu\/?p=50\">\n                                                <img decoding=\"async\" src=\"https:\/\/invest-finder.eu\/wp-content\/uploads\/2020\/01\/pexels-photo-255062-1-372x240.jpeg\" alt=\"blog-grid-1-410x308\" \/>\n                                            <\/a>\n                                        <\/div>\n                                        <div class=\"lp-blog-grid-box-description text-center\">\n                                                <div class=\"lp-blog-user-thumb margin-top-subtract-25\">\n                                                    <img decoding=\"async\" class=\"avatar\" src=\"https:\/\/secure.gravatar.com\/avatar\/a98b4bd72239906d155f301572f5b2b8049b563f085dd1ab3d30d9e536485c43?s=51&#038;d=mm&#038;r=g\" alt=\"image\">\n                                                <\/div>\n                                                <div class=\"lp-blog-grid-category\">\n                                                    <a href=\"https:\/\/invest-finder.eu\/?cat=3\" >News<\/a>, <a href=\"https:\/\/invest-finder.eu\/?cat=1\" >Uncategorized<\/a>\n                                                <\/div>\n                                                <div class=\"lp-blog-grid-title\">\n                                                    <h4 class=\"lp-h4\">\n                                                        <a href=\"https:\/\/invest-finder.eu\/?p=50\">Excited news about arrival fashion.<\/a>\n                                                    <\/h4>\n                                                <\/div>\n                                                <ul class=\"lp-blog-grid-author\">\n                                                    <li>\n                                                        <a href=\"https:\/\/invest-finder.eu\/?author=2\">\n                                                            <i class=\"fa fa-user\"><\/i>\n                                                            <span>adminrock<\/span>\n                                                        <\/a>\n                                                    <\/li>\n                                                    <li>\n                                                        <i class=\"fa fa-calendar\"><\/i>\n                                                        <span>January 1, 2020<\/span>\n                                                    <\/li>\n                                                <\/ul><!-- ..\/lp-blog-grid-author -->\n                                        <\/div>\n                                    <\/div>\n                                <\/div><div class=\"col-md-4 col-sm-4 lp-blog-grid-box\">\n                                    <div class=\"lp-blog-grid-box-container lp-border lp-border-radius-8\">\n                                        <div class=\"lp-blog-grid-box-thumb\">\n                                            <a href=\"https:\/\/invest-finder.eu\/?p=47\">\n                                                <img decoding=\"async\" src=\"https:\/\/invest-finder.eu\/wp-content\/uploads\/2020\/01\/pexels-photo-300122-1-372x240.jpeg\" alt=\"blog-grid-1-410x308\" \/>\n                                            <\/a>\n                                        <\/div>\n                                        <div class=\"lp-blog-grid-box-description text-center\">\n                                                <div class=\"lp-blog-user-thumb margin-top-subtract-25\">\n                                                    <img decoding=\"async\" class=\"avatar\" src=\"https:\/\/secure.gravatar.com\/avatar\/a98b4bd72239906d155f301572f5b2b8049b563f085dd1ab3d30d9e536485c43?s=51&#038;d=mm&#038;r=g\" alt=\"image\">\n                                                <\/div>\n                                                <div class=\"lp-blog-grid-category\">\n                                                    <a href=\"https:\/\/invest-finder.eu\/?cat=2\" >Coffee<\/a>\n                                                <\/div>\n                                                <div class=\"lp-blog-grid-title\">\n                                                    <h4 class=\"lp-h4\">\n                                                        <a href=\"https:\/\/invest-finder.eu\/?p=47\">Reduce Unwanted Wrinkles<\/a>\n                                                    <\/h4>\n                                                <\/div>\n                                                <ul class=\"lp-blog-grid-author\">\n                                                    <li>\n                                                        <a href=\"https:\/\/invest-finder.eu\/?author=2\">\n                                                            <i class=\"fa fa-user\"><\/i>\n                                                            <span>adminrock<\/span>\n                                                        <\/a>\n                                                    <\/li>\n                                                    <li>\n                                                        <i class=\"fa fa-calendar\"><\/i>\n                                                        <span>January 1, 2020<\/span>\n                                                    <\/li>\n                                                <\/ul><!-- ..\/lp-blog-grid-author -->\n                                        <\/div>\n                                    <\/div>\n                                <\/div><div class=\"clearfix\"><\/div><\/div>\t\t\t\t<\/div>\n\t\t\t\t<\/div>\n\t\t\t\t\t<\/div>\n\t\t<\/div>\n\t\t\t\t\t<\/div>\n\t\t<\/section>\n\t\t\t\t<\/div>\n\t\t","protected":false},"excerpt":{"rendered":"<p>Despre INVEST finder De la viziune la realitate &#8211; cu partenerii potrivi\u021bi al\u0103turi INVEST finder este o platform\u0103 de informa\u021bii \u0219i de conectare \u00een vederea realiz\u0103rii unui proiect de investi\u021bii \u00een industria ospitalit\u0103\u021bii. Platforma prezint\u0103 elementele esen\u021biale ale proiectului hotelier \u0219i actorii principali care concur\u0103 la realizarea acestuia. Pe aceast\u0103 platform\u0103 ve\u021bi g\u0103si, non-exhaustiv, elementele [&hellip;]<\/p>\n","protected":false},"author":2,"featured_media":0,"parent":0,"menu_order":0,"comment_status":"closed","ping_status":"closed","template":"","meta":{"footnotes":""},"class_list":["post-26752","page","type-page","status-publish","hentry"],"cubewp_post_meta":[],"taxonomies":[],"_links":{"self":[{"href":"https:\/\/invest-finder.eu\/index.php?rest_route=\/wp\/v2\/pages\/26752","targetHints":{"allow":["GET"]}}],"collection":[{"href":"https:\/\/invest-finder.eu\/index.php?rest_route=\/wp\/v2\/pages"}],"about":[{"href":"https:\/\/invest-finder.eu\/index.php?rest_route=\/wp\/v2\/types\/page"}],"author":[{"embeddable":true,"href":"https:\/\/invest-finder.eu\/index.php?rest_route=\/wp\/v2\/users\/2"}],"replies":[{"embeddable":true,"href":"https:\/\/invest-finder.eu\/index.php?rest_route=%2Fwp%2Fv2%2Fcomments&post=26752"}],"version-history":[{"count":36,"href":"https:\/\/invest-finder.eu\/index.php?rest_route=\/wp\/v2\/pages\/26752\/revisions"}],"predecessor-version":[{"id":27059,"href":"https:\/\/invest-finder.eu\/index.php?rest_route=\/wp\/v2\/pages\/26752\/revisions\/27059"}],"wp:attachment":[{"href":"https:\/\/invest-finder.eu\/index.php?rest_route=%2Fwp%2Fv2%2Fmedia&parent=26752"}],"curies":[{"name":"wp","href":"https:\/\/api.w.org\/{rel}","templated":true}]}}